{"id":6,"date":"2012-11-30T14:17:55","date_gmt":"2012-11-30T14:17:55","guid":{"rendered":"http:\/\/www.autopecasrodovia.com.br\/site\/?page_id=6"},"modified":"2018-05-07T08:23:23","modified_gmt":"2018-05-07T11:23:23","slug":"home","status":"publish","type":"page","link":"https:\/\/autopecasrodovia.com.br\/site\/","title":{"rendered":"Home"},"content":{"rendered":"<div class=\"row-fluid\">\n\t<div class=\"wpb_content_element span4 Bloco 1 column_container\">\n\t\t<div class=\"wpb_wrapper\">\n\t\t\t <div class=\"vc_text_separator wpb_content_element separator_align_left \"><div>Pe\u00e7as e mec\u00e2nica para caminh\u00f5es, camionetes, \u00f4nibus e vans.<\/div><\/div>\n <div class=\"row-fluid\">\n\t<div class=\"wpb_content_element wpb_single_image span12\">\n\t\t<div class=\"wpb_wrapper entry_image\">\n\t\t\t<a href=\"http:\/\/www.autopecasrodovia.com.br\/site\/auto-pecas-rodovia\/\"><img src=\"https:\/\/autopecasrodovia.com.br\/site\/wp-content\/uploads\/2012\/11\/30.jpg\" width=\"363\" height=\"147\" \/><div class=\"item-overlay\"><span><\/span><\/div><\/a>\n\t\t<\/div> \n\t<\/div> <\/div> \n\t\t<\/div> \n\t<\/div>  \n\t<div class=\"wpb_content_element span4 Bloco 1 column_container\">\n\t\t<div class=\"wpb_wrapper\">\n\t\t\t <div class=\"vc_text_separator wpb_content_element separator_align_left \"><div>Tecnologia aplicada com seriedade nos servi\u00e7os prestados.<\/div><\/div>\n <div class=\"row-fluid\">\n\t<div class=\"wpb_content_element wpb_single_image span12\">\n\t\t<div class=\"wpb_wrapper entry_image\">\n\t\t\t<a href=\"http:\/\/www.autopecasrodovia.com.br\/site\/servicos\/\"><img src=\"https:\/\/autopecasrodovia.com.br\/site\/wp-content\/uploads\/2012\/11\/10.jpg\" width=\"363\" height=\"147\" \/><div class=\"item-overlay\"><span><\/span><\/div><\/a>\n\t\t<\/div> \n\t<\/div> <\/div> \n\t\t<\/div> \n\t<\/div>  \n\t<div class=\"wpb_content_element span4 Bloco 1 column_container\">\n\t\t<div class=\"wpb_wrapper\">\n\t\t\t <div class=\"vc_text_separator wpb_content_element separator_align_left \"><div>A qualidade e agilidade que voc\u00ea precisa. Fale conosco.<\/div><\/div>\n <div class=\"row-fluid\">\n\t<div class=\"wpb_content_element wpb_single_image span12\">\n\t\t<div class=\"wpb_wrapper entry_image\">\n\t\t\t<a href=\"http:\/\/www.autopecasrodovia.com.br\/site\/fale-conosco\/\"><img src=\"https:\/\/autopecasrodovia.com.br\/site\/wp-content\/uploads\/2012\/11\/20.jpg\" width=\"363\" height=\"147\" \/><div class=\"item-overlay\"><span><\/span><\/div><\/a>\n\t\t<\/div> \n\t<\/div> <\/div> \n\t\t<\/div> \n\t<\/div> <\/div>\n","protected":false},"excerpt":{"rendered":"","protected":false},"author":2,"featured_media":0,"parent":0,"menu_order":0,"comment_status":"open","ping_status":"open","template":"template-home.php","meta":[],"yoast_head":"<!-- This site is optimized with the Yoast SEO plugin v19.14 - https:\/\/yoast.com\/wordpress\/plugins\/seo\/ -->\n<title>Auto Pe\u00e7as Rodovia - Mec\u00e2nica e Pe\u00e7as para Caminh\u00f5es<\/title>\n<meta name=\"description\" content=\"Buscando o que h\u00e1 de mais moderno para melhor atender seus clientes, a Auto Pe\u00e7as e Mec\u00e2nica Rodovia tem \u00e0 sua disposi\u00e7\u00e3o o servi\u00e7o de diagn\u00f3stico computadorizado para unidades injetoras de caminh\u00f5es, pick-ups, \u00f4nibus e vans\" \/>\n<meta name=\"robots\" content=\"index, follow, max-snippet:-1, max-image-preview:large, max-video-preview:-1\" \/>\n<link rel=\"canonical\" href=\"https:\/\/autopecasrodovia.com.br\/site\/\" \/>\n<meta property=\"og:locale\" content=\"pt_BR\" \/>\n<meta property=\"og:type\" content=\"article\" \/>\n<meta property=\"og:title\" content=\"Auto Pe\u00e7as Rodovia - Mec\u00e2nica e Pe\u00e7as para Caminh\u00f5es\" \/>\n<meta property=\"og:description\" content=\"Buscando o que h\u00e1 de mais moderno para melhor atender seus clientes, a Auto Pe\u00e7as e Mec\u00e2nica Rodovia tem \u00e0 sua disposi\u00e7\u00e3o o servi\u00e7o de diagn\u00f3stico computadorizado para unidades injetoras de caminh\u00f5es, pick-ups, \u00f4nibus e vans\" \/>\n<meta property=\"og:url\" content=\"https:\/\/autopecasrodovia.com.br\/site\/\" \/>\n<meta property=\"og:site_name\" content=\"Auto Pe\u00e7as Rodovia\" \/>\n<meta property=\"article:modified_time\" content=\"2018-05-07T11:23:23+00:00\" \/>\n<meta name=\"twitter:card\" content=\"summary_large_image\" \/>\n<meta name=\"twitter:label1\" content=\"Est. tempo de leitura\" \/>\n\t<meta name=\"twitter:data1\" content=\"1 minuto\" \/>\n<script type=\"application\/ld+json\" class=\"yoast-schema-graph\">{\"@context\":\"https:\/\/schema.org\",\"@graph\":[{\"@type\":\"WebPage\",\"@id\":\"https:\/\/autopecasrodovia.com.br\/site\/\",\"url\":\"https:\/\/autopecasrodovia.com.br\/site\/\",\"name\":\"Auto Pe\u00e7as Rodovia - Mec\u00e2nica e Pe\u00e7as para Caminh\u00f5es\",\"isPartOf\":{\"@id\":\"https:\/\/autopecasrodovia.com.br\/site\/#website\"},\"datePublished\":\"2012-11-30T14:17:55+00:00\",\"dateModified\":\"2018-05-07T11:23:23+00:00\",\"description\":\"Buscando o que h\u00e1 de mais moderno para melhor atender seus clientes, a Auto Pe\u00e7as e Mec\u00e2nica Rodovia tem \u00e0 sua disposi\u00e7\u00e3o o servi\u00e7o de diagn\u00f3stico computadorizado para unidades injetoras de caminh\u00f5es, pick-ups, \u00f4nibus e vans\",\"breadcrumb\":{\"@id\":\"https:\/\/autopecasrodovia.com.br\/site\/#breadcrumb\"},\"inLanguage\":\"pt-BR\",\"potentialAction\":[{\"@type\":\"ReadAction\",\"target\":[\"https:\/\/autopecasrodovia.com.br\/site\/\"]}]},{\"@type\":\"BreadcrumbList\",\"@id\":\"https:\/\/autopecasrodovia.com.br\/site\/#breadcrumb\",\"itemListElement\":[{\"@type\":\"ListItem\",\"position\":1,\"name\":\"In\u00edcio\",\"item\":\"https:\/\/autopecasrodovia.com.br\/site\/\"},{\"@type\":\"ListItem\",\"position\":2,\"name\":\"Home\"}]},{\"@type\":\"WebSite\",\"@id\":\"https:\/\/autopecasrodovia.com.br\/site\/#website\",\"url\":\"https:\/\/autopecasrodovia.com.br\/site\/\",\"name\":\"Auto Pe\u00e7as Rodovia\",\"description\":\"Mec\u00e2nica e Pe\u00e7as para Caminh\u00f5es\",\"publisher\":{\"@id\":\"https:\/\/autopecasrodovia.com.br\/site\/#organization\"},\"potentialAction\":[{\"@type\":\"SearchAction\",\"target\":{\"@type\":\"EntryPoint\",\"urlTemplate\":\"https:\/\/autopecasrodovia.com.br\/site\/?s={search_term_string}\"},\"query-input\":\"required name=search_term_string\"}],\"inLanguage\":\"pt-BR\"},{\"@type\":\"Organization\",\"@id\":\"https:\/\/autopecasrodovia.com.br\/site\/#organization\",\"name\":\"Auto Pe\u00e7as Rodovia\",\"url\":\"https:\/\/autopecasrodovia.com.br\/site\/\",\"logo\":{\"@type\":\"ImageObject\",\"inLanguage\":\"pt-BR\",\"@id\":\"https:\/\/autopecasrodovia.com.br\/site\/#\/schema\/logo\/image\/\",\"url\":\"https:\/\/autopecasrodovia.com.br\/site\/wp-content\/uploads\/2012\/12\/logo_aprod1.png\",\"contentUrl\":\"https:\/\/autopecasrodovia.com.br\/site\/wp-content\/uploads\/2012\/12\/logo_aprod1.png\",\"width\":217,\"height\":100,\"caption\":\"Auto Pe\u00e7as Rodovia\"},\"image\":{\"@id\":\"https:\/\/autopecasrodovia.com.br\/site\/#\/schema\/logo\/image\/\"}}]}<\/script>\n<!-- \/ Yoast SEO plugin. -->","yoast_head_json":{"title":"Auto Pe\u00e7as Rodovia - Mec\u00e2nica e Pe\u00e7as para Caminh\u00f5es","description":"Buscando o que h\u00e1 de mais moderno para melhor atender seus clientes, a Auto Pe\u00e7as e Mec\u00e2nica Rodovia tem \u00e0 sua disposi\u00e7\u00e3o o servi\u00e7o de diagn\u00f3stico computadorizado para unidades injetoras de caminh\u00f5es, pick-ups, \u00f4nibus e vans","robots":{"index":"index","follow":"follow","max-snippet":"max-snippet:-1","max-image-preview":"max-image-preview:large","max-video-preview":"max-video-preview:-1"},"canonical":"https:\/\/autopecasrodovia.com.br\/site\/","og_locale":"pt_BR","og_type":"article","og_title":"Auto Pe\u00e7as Rodovia - Mec\u00e2nica e Pe\u00e7as para Caminh\u00f5es","og_description":"Buscando o que h\u00e1 de mais moderno para melhor atender seus clientes, a Auto Pe\u00e7as e Mec\u00e2nica Rodovia tem \u00e0 sua disposi\u00e7\u00e3o o servi\u00e7o de diagn\u00f3stico computadorizado para unidades injetoras de caminh\u00f5es, pick-ups, \u00f4nibus e vans","og_url":"https:\/\/autopecasrodovia.com.br\/site\/","og_site_name":"Auto Pe\u00e7as Rodovia","article_modified_time":"2018-05-07T11:23:23+00:00","twitter_card":"summary_large_image","twitter_misc":{"Est. tempo de leitura":"1 minuto"},"schema":{"@context":"https:\/\/schema.org","@graph":[{"@type":"WebPage","@id":"https:\/\/autopecasrodovia.com.br\/site\/","url":"https:\/\/autopecasrodovia.com.br\/site\/","name":"Auto Pe\u00e7as Rodovia - Mec\u00e2nica e Pe\u00e7as para Caminh\u00f5es","isPartOf":{"@id":"https:\/\/autopecasrodovia.com.br\/site\/#website"},"datePublished":"2012-11-30T14:17:55+00:00","dateModified":"2018-05-07T11:23:23+00:00","description":"Buscando o que h\u00e1 de mais moderno para melhor atender seus clientes, a Auto Pe\u00e7as e Mec\u00e2nica Rodovia tem \u00e0 sua disposi\u00e7\u00e3o o servi\u00e7o de diagn\u00f3stico computadorizado para unidades injetoras de caminh\u00f5es, pick-ups, \u00f4nibus e vans","breadcrumb":{"@id":"https:\/\/autopecasrodovia.com.br\/site\/#breadcrumb"},"inLanguage":"pt-BR","potentialAction":[{"@type":"ReadAction","target":["https:\/\/autopecasrodovia.com.br\/site\/"]}]},{"@type":"BreadcrumbList","@id":"https:\/\/autopecasrodovia.com.br\/site\/#breadcrumb","itemListElement":[{"@type":"ListItem","position":1,"name":"In\u00edcio","item":"https:\/\/autopecasrodovia.com.br\/site\/"},{"@type":"ListItem","position":2,"name":"Home"}]},{"@type":"WebSite","@id":"https:\/\/autopecasrodovia.com.br\/site\/#website","url":"https:\/\/autopecasrodovia.com.br\/site\/","name":"Auto Pe\u00e7as Rodovia","description":"Mec\u00e2nica e Pe\u00e7as para Caminh\u00f5es","publisher":{"@id":"https:\/\/autopecasrodovia.com.br\/site\/#organization"},"potentialAction":[{"@type":"SearchAction","target":{"@type":"EntryPoint","urlTemplate":"https:\/\/autopecasrodovia.com.br\/site\/?s={search_term_string}"},"query-input":"required name=search_term_string"}],"inLanguage":"pt-BR"},{"@type":"Organization","@id":"https:\/\/autopecasrodovia.com.br\/site\/#organization","name":"Auto Pe\u00e7as Rodovia","url":"https:\/\/autopecasrodovia.com.br\/site\/","logo":{"@type":"ImageObject","inLanguage":"pt-BR","@id":"https:\/\/autopecasrodovia.com.br\/site\/#\/schema\/logo\/image\/","url":"https:\/\/autopecasrodovia.com.br\/site\/wp-content\/uploads\/2012\/12\/logo_aprod1.png","contentUrl":"https:\/\/autopecasrodovia.com.br\/site\/wp-content\/uploads\/2012\/12\/logo_aprod1.png","width":217,"height":100,"caption":"Auto Pe\u00e7as Rodovia"},"image":{"@id":"https:\/\/autopecasrodovia.com.br\/site\/#\/schema\/logo\/image\/"}}]}},"_links":{"self":[{"href":"https:\/\/autopecasrodovia.com.br\/site\/wp-json\/wp\/v2\/pages\/6"}],"collection":[{"href":"https:\/\/autopecasrodovia.com.br\/site\/wp-json\/wp\/v2\/pages"}],"about":[{"href":"https:\/\/autopecasrodovia.com.br\/site\/wp-json\/wp\/v2\/types\/page"}],"author":[{"embeddable":true,"href":"https:\/\/autopecasrodovia.com.br\/site\/wp-json\/wp\/v2\/users\/2"}],"replies":[{"embeddable":true,"href":"https:\/\/autopecasrodovia.com.br\/site\/wp-json\/wp\/v2\/comments?post=6"}],"version-history":[{"count":0,"href":"https:\/\/autopecasrodovia.com.br\/site\/wp-json\/wp\/v2\/pages\/6\/revisions"}],"wp:attachment":[{"href":"https:\/\/autopecasrodovia.com.br\/site\/wp-json\/wp\/v2\/media?parent=6"}],"curies":[{"name":"wp","href":"https:\/\/api.w.org\/{rel}","templated":true}]}}