{"id":32,"date":"2012-12-04T21:50:19","date_gmt":"2012-12-05T00:50:19","guid":{"rendered":"http:\/\/www.autopecasrodovia.com.br\/site\/?page_id=32"},"modified":"2012-12-06T10:52:01","modified_gmt":"2012-12-06T13:52:01","slug":"localizacao","status":"publish","type":"page","link":"https:\/\/autopecasrodovia.com.br\/site\/localizacao\/","title":{"rendered":"Localiza\u00e7\u00e3o"},"content":{"rendered":"<div class=\"row-fluid\">\n\t<div class=\"wpb_content_element span12 wpb_text_column\">\n\t\t<div class=\"wpb_wrapper\">\n\t\t\t\n\t\t<\/div> \n\t<\/div> <\/div> <div class=\"vc_text_separator wpb_content_element separator_align_left \"><div>Localize-se com Google Street View<\/div><\/div>\n<br \/>\n<iframe loading=\"lazy\" src=\"https:\/\/www.google.com.br\/maps?f=q&amp;source=embed&amp;hl=pt-BR&amp;geocode=&amp;q=CIANORTE+PARANA+-+PR+323+KM+223,+2800&amp;sll=-23.658086,-52.597175&amp;sspn=0.036125,0.066047&amp;ie=UTF8&amp;hq=&amp;hnear=Av.+Paran%C3%A1,+323+-+Zona+1,+Cianorte+-+Paran%C3%A1,+87200-000&amp;t=m&amp;layer=c&amp;cbll=-23.669609,-52.583686&amp;panoid=tQ--hmNjscmbYqR4j_994w&amp;cbp=13,302.1,,0,-1.01&amp;ll=-23.676658,-52.583699&amp;spn=0.024682,0.074244&amp;z=14&amp;output=svembed\" frameborder=\"0\" marginwidth=\"0\" marginheight=\"0\" scrolling=\"no\" width=\"865\" height=\"314\"><\/iframe><\/p>\n<div class=\"row-fluid\">\n\t<div class=\"wpb_content_element span12 wpb_text_column\">\n\t\t<div class=\"wpb_wrapper\">\n\t\t\t\n\t\t<\/div> \n\t<\/div> <\/div> <div class=\"vc_text_separator wpb_content_element separator_align_left \"><div>Mapa de Localiza\u00e7\u00e3o<\/div><\/div>\n<br \/>\n<iframe loading=\"lazy\" width=\"865\" height=\"400\" frameborder=\"0\" scrolling=\"no\" marginheight=\"0\" marginwidth=\"0\" src=\"https:\/\/www.google.com.br\/maps?f=q&amp;source=s_q&amp;hl=pt-BR&amp;geocode=&amp;q=Auto+Pe%C3%A7as+Rodovia+-+Acesso+para+Rodovia+PR-323,+Cianorte+-+Paran%C3%A1&amp;aq=0&amp;oq=auto+pe%C3%A7as+Rodovi&amp;sll=-23.668984,-52.581908&amp;sspn=0.011959,0.023367&amp;ie=UTF8&amp;hq=Auto+Pe%C3%A7as+Rodovia+-&amp;hnear=Acesso+para+Rodovia+PR-323+-+Zona+3,+Cianorte+-+Paran%C3%A1&amp;t=m&amp;ll=-23.668169,-52.583871&amp;spn=0.007861,0.018582&amp;z=16&amp;iwloc=A&amp;output=embed\"><\/iframe><br \/><small><a href=\"https:\/\/www.google.com.br\/maps?f=q&amp;source=embed&amp;hl=pt-BR&amp;geocode=&amp;q=Auto+Pe%C3%A7as+Rodovia+-+Acesso+para+Rodovia+PR-323,+Cianorte+-+Paran%C3%A1&amp;aq=0&amp;oq=auto+pe%C3%A7as+Rodovi&amp;sll=-23.668984,-52.581908&amp;sspn=0.011959,0.023367&amp;ie=UTF8&amp;hq=Auto+Pe%C3%A7as+Rodovia+-&amp;hnear=Acesso+para+Rodovia+PR-323+-+Zona+3,+Cianorte+-+Paran%C3%A1&amp;t=m&amp;ll=-23.668169,-52.583871&amp;spn=0.007861,0.018582&amp;z=16&amp;iwloc=A\" style=\"color:#0000FF;text-align:left\">Exibir mapa ampliado<\/a><\/small><\/p>\n","protected":false},"excerpt":{"rendered":"<p>Exibir mapa ampliado<\/p>\n","protected":false},"author":2,"featured_media":0,"parent":0,"menu_order":0,"comment_status":"open","ping_status":"open","template":"","meta":[],"yoast_head":"<!-- This site is optimized with the Yoast SEO plugin v19.14 - https:\/\/yoast.com\/wordpress\/plugins\/seo\/ -->\n<title>Localiza\u00e7\u00e3o - Auto Pe\u00e7as Rodovia<\/title>\n<meta name=\"robots\" content=\"index, follow, max-snippet:-1, max-image-preview:large, max-video-preview:-1\" \/>\n<link rel=\"canonical\" href=\"https:\/\/autopecasrodovia.com.br\/site\/localizacao\/\" \/>\n<meta property=\"og:locale\" content=\"pt_BR\" \/>\n<meta property=\"og:type\" content=\"article\" \/>\n<meta property=\"og:title\" content=\"Localiza\u00e7\u00e3o - Auto Pe\u00e7as Rodovia\" \/>\n<meta property=\"og:description\" content=\"Exibir mapa ampliado\" \/>\n<meta property=\"og:url\" content=\"https:\/\/autopecasrodovia.com.br\/site\/localizacao\/\" \/>\n<meta property=\"og:site_name\" content=\"Auto Pe\u00e7as Rodovia\" \/>\n<meta property=\"article:modified_time\" content=\"2012-12-06T13:52:01+00:00\" \/>\n<meta name=\"twitter:card\" content=\"summary_large_image\" \/>\n<script type=\"application\/ld+json\" class=\"yoast-schema-graph\">{\"@context\":\"https:\/\/schema.org\",\"@graph\":[{\"@type\":\"WebPage\",\"@id\":\"https:\/\/autopecasrodovia.com.br\/site\/localizacao\/\",\"url\":\"https:\/\/autopecasrodovia.com.br\/site\/localizacao\/\",\"name\":\"Localiza\u00e7\u00e3o - Auto Pe\u00e7as Rodovia\",\"isPartOf\":{\"@id\":\"https:\/\/autopecasrodovia.com.br\/site\/#website\"},\"datePublished\":\"2012-12-05T00:50:19+00:00\",\"dateModified\":\"2012-12-06T13:52:01+00:00\",\"breadcrumb\":{\"@id\":\"https:\/\/autopecasrodovia.com.br\/site\/localizacao\/#breadcrumb\"},\"inLanguage\":\"pt-BR\",\"potentialAction\":[{\"@type\":\"ReadAction\",\"target\":[\"https:\/\/autopecasrodovia.com.br\/site\/localizacao\/\"]}]},{\"@type\":\"BreadcrumbList\",\"@id\":\"https:\/\/autopecasrodovia.com.br\/site\/localizacao\/#breadcrumb\",\"itemListElement\":[{\"@type\":\"ListItem\",\"position\":1,\"name\":\"In\u00edcio\",\"item\":\"https:\/\/autopecasrodovia.com.br\/site\/\"},{\"@type\":\"ListItem\",\"position\":2,\"name\":\"Localiza\u00e7\u00e3o\"}]},{\"@type\":\"WebSite\",\"@id\":\"https:\/\/autopecasrodovia.com.br\/site\/#website\",\"url\":\"https:\/\/autopecasrodovia.com.br\/site\/\",\"name\":\"Auto Pe\u00e7as Rodovia\",\"description\":\"Mec\u00e2nica e Pe\u00e7as para Caminh\u00f5es\",\"publisher\":{\"@id\":\"https:\/\/autopecasrodovia.com.br\/site\/#organization\"},\"potentialAction\":[{\"@type\":\"SearchAction\",\"target\":{\"@type\":\"EntryPoint\",\"urlTemplate\":\"https:\/\/autopecasrodovia.com.br\/site\/?s={search_term_string}\"},\"query-input\":\"required name=search_term_string\"}],\"inLanguage\":\"pt-BR\"},{\"@type\":\"Organization\",\"@id\":\"https:\/\/autopecasrodovia.com.br\/site\/#organization\",\"name\":\"Auto Pe\u00e7as Rodovia\",\"url\":\"https:\/\/autopecasrodovia.com.br\/site\/\",\"logo\":{\"@type\":\"ImageObject\",\"inLanguage\":\"pt-BR\",\"@id\":\"https:\/\/autopecasrodovia.com.br\/site\/#\/schema\/logo\/image\/\",\"url\":\"https:\/\/autopecasrodovia.com.br\/site\/wp-content\/uploads\/2012\/12\/logo_aprod1.png\",\"contentUrl\":\"https:\/\/autopecasrodovia.com.br\/site\/wp-content\/uploads\/2012\/12\/logo_aprod1.png\",\"width\":217,\"height\":100,\"caption\":\"Auto Pe\u00e7as Rodovia\"},\"image\":{\"@id\":\"https:\/\/autopecasrodovia.com.br\/site\/#\/schema\/logo\/image\/\"}}]}<\/script>\n<!-- \/ Yoast SEO plugin. -->","yoast_head_json":{"title":"Localiza\u00e7\u00e3o - Auto Pe\u00e7as Rodovia","robots":{"index":"index","follow":"follow","max-snippet":"max-snippet:-1","max-image-preview":"max-image-preview:large","max-video-preview":"max-video-preview:-1"},"canonical":"https:\/\/autopecasrodovia.com.br\/site\/localizacao\/","og_locale":"pt_BR","og_type":"article","og_title":"Localiza\u00e7\u00e3o - Auto Pe\u00e7as Rodovia","og_description":"Exibir mapa ampliado","og_url":"https:\/\/autopecasrodovia.com.br\/site\/localizacao\/","og_site_name":"Auto Pe\u00e7as Rodovia","article_modified_time":"2012-12-06T13:52:01+00:00","twitter_card":"summary_large_image","schema":{"@context":"https:\/\/schema.org","@graph":[{"@type":"WebPage","@id":"https:\/\/autopecasrodovia.com.br\/site\/localizacao\/","url":"https:\/\/autopecasrodovia.com.br\/site\/localizacao\/","name":"Localiza\u00e7\u00e3o - Auto Pe\u00e7as Rodovia","isPartOf":{"@id":"https:\/\/autopecasrodovia.com.br\/site\/#website"},"datePublished":"2012-12-05T00:50:19+00:00","dateModified":"2012-12-06T13:52:01+00:00","breadcrumb":{"@id":"https:\/\/autopecasrodovia.com.br\/site\/localizacao\/#breadcrumb"},"inLanguage":"pt-BR","potentialAction":[{"@type":"ReadAction","target":["https:\/\/autopecasrodovia.com.br\/site\/localizacao\/"]}]},{"@type":"BreadcrumbList","@id":"https:\/\/autopecasrodovia.com.br\/site\/localizacao\/#breadcrumb","itemListElement":[{"@type":"ListItem","position":1,"name":"In\u00edcio","item":"https:\/\/autopecasrodovia.com.br\/site\/"},{"@type":"ListItem","position":2,"name":"Localiza\u00e7\u00e3o"}]},{"@type":"WebSite","@id":"https:\/\/autopecasrodovia.com.br\/site\/#website","url":"https:\/\/autopecasrodovia.com.br\/site\/","name":"Auto Pe\u00e7as Rodovia","description":"Mec\u00e2nica e Pe\u00e7as para Caminh\u00f5es","publisher":{"@id":"https:\/\/autopecasrodovia.com.br\/site\/#organization"},"potentialAction":[{"@type":"SearchAction","target":{"@type":"EntryPoint","urlTemplate":"https:\/\/autopecasrodovia.com.br\/site\/?s={search_term_string}"},"query-input":"required name=search_term_string"}],"inLanguage":"pt-BR"},{"@type":"Organization","@id":"https:\/\/autopecasrodovia.com.br\/site\/#organization","name":"Auto Pe\u00e7as Rodovia","url":"https:\/\/autopecasrodovia.com.br\/site\/","logo":{"@type":"ImageObject","inLanguage":"pt-BR","@id":"https:\/\/autopecasrodovia.com.br\/site\/#\/schema\/logo\/image\/","url":"https:\/\/autopecasrodovia.com.br\/site\/wp-content\/uploads\/2012\/12\/logo_aprod1.png","contentUrl":"https:\/\/autopecasrodovia.com.br\/site\/wp-content\/uploads\/2012\/12\/logo_aprod1.png","width":217,"height":100,"caption":"Auto Pe\u00e7as Rodovia"},"image":{"@id":"https:\/\/autopecasrodovia.com.br\/site\/#\/schema\/logo\/image\/"}}]}},"_links":{"self":[{"href":"https:\/\/autopecasrodovia.com.br\/site\/wp-json\/wp\/v2\/pages\/32"}],"collection":[{"href":"https:\/\/autopecasrodovia.com.br\/site\/wp-json\/wp\/v2\/pages"}],"about":[{"href":"https:\/\/autopecasrodovia.com.br\/site\/wp-json\/wp\/v2\/types\/page"}],"author":[{"embeddable":true,"href":"https:\/\/autopecasrodovia.com.br\/site\/wp-json\/wp\/v2\/users\/2"}],"replies":[{"embeddable":true,"href":"https:\/\/autopecasrodovia.com.br\/site\/wp-json\/wp\/v2\/comments?post=32"}],"version-history":[{"count":0,"href":"https:\/\/autopecasrodovia.com.br\/site\/wp-json\/wp\/v2\/pages\/32\/revisions"}],"wp:attachment":[{"href":"https:\/\/autopecasrodovia.com.br\/site\/wp-json\/wp\/v2\/media?parent=32"}],"curies":[{"name":"wp","href":"https:\/\/api.w.org\/{rel}","templated":true}]}}