{"id":16,"date":"2012-12-04T09:07:11","date_gmt":"2012-12-04T12:07:11","guid":{"rendered":"http:\/\/www.autopecasrodovia.com.br\/site\/?page_id=16"},"modified":"2019-02-14T09:22:00","modified_gmt":"2019-02-14T12:22:00","slug":"servicos","status":"publish","type":"page","link":"https:\/\/autopecasrodovia.com.br\/site\/servicos\/","title":{"rendered":"Servi\u00e7os"},"content":{"rendered":"<h4 align=\"center\">Conhe\u00e7a os servi\u00e7os oferecidos pela Auto Pe\u00e7as e Mec\u00e2nica Rodovia.<\/h4>\n<div class=\"row-fluid\">\n\t<div class=\"wpb_content_element wpb_single_image span12\">\n\t\t<div class=\"wpb_wrapper entry_image\">\n\t\t\t<a rel=\"prettyPhoto\" href=\"https:\/\/autopecasrodovia.com.br\/site\/wp-content\/uploads\/2012\/12\/servicos.jpg\"><img src=\"https:\/\/autopecasrodovia.com.br\/site\/wp-content\/uploads\/2012\/12\/servicos.jpg\" width=\"860\" height=\"270\" \/><div class=\"item-overlay\"><span><\/span><\/div><\/a>\n\t\t<\/div> \n\t<\/div> <\/div> <div class=\"row-fluid\">\n\t<div class=\"wpb_content_element span12 wpb_text_column\">\n\t\t<div class=\"wpb_wrapper\">\n\t\t\t\n<h4>BOMBAS INJETORAS<\/h4>\n<p>Manuten\u00e7\u00e3o feita por t\u00e9cnicos especializados e com bancada de teste para regular bombas e bicos injetores.<br \/>\n<div class=\"wpb_separator wpb_content_element \"><\/div>\n<\/p>\n<h4>DIAGN\u00d3STICO EM UNIDADES ELETR\u00d4NICAS E ELETROINJETORES<\/h4>\n<p>A solu\u00e7\u00e3o definitiva para repara\u00e7\u00e3o em ve\u00edculos equipados com sistema de inje\u00e7\u00e3o eletr\u00f4nica de combust\u00edvel da linha Diesel;<\/p>\n<p>A excel\u00eancia no diagn\u00f3stico em unidades injetoras, injetores diesel e bombas de alta press\u00e3o; Proporciona alta rentabilidade ao reparador e economia para o propriet\u00e1rio do ve\u00edculo; Emite gr\u00e1ficos e relat\u00f3rios impressos com comparativos entre componentes em testes e os valores padr\u00e3o de inje\u00e7\u00e3o (d\u00e9bito).<br \/>\n<div class=\"wpb_separator wpb_content_element \"><\/div>\n<\/p>\n<h4>SCANNER BOSCH (CAMINH\u00d5ES\/ CAMIONETES\/ VANS)<\/h4>\n<p>O Scanner identifica o n\u00famero da falha , l\u00ea os c\u00f3digos de defeitos, com isso \u00e9 trocado somente a pe\u00e7a que \u00e9 acusada no scanner.<br \/>\n<div class=\"wpb_separator wpb_content_element \"><\/div>\n<\/p>\n<h4>DIAGN\u00d3STICO DIESEL ELETR\u00d4NICO<\/h4>\n<p>Apaga a mem\u00f3ria de erros do m\u00f3dulo &#8211; Testa a compress\u00e3o dos cilindros durante a partida (Motor parado) &#8211; Ajusta o pedal do acelerador &#8211; L\u00ea todos os sensores do sistema.<br \/>\n<div class=\"wpb_separator wpb_content_element \"><\/div>\n<\/p>\n<h4>POTENCIALIZA\u00c7\u00c3O DE M\u00d3DULO<\/h4>\n<p>Aumenta a pot\u00eancia (os cavalos) do m\u00f3dulo, com isso o caminh\u00e3o tem mais for\u00e7a nas subidas em estradas e aumenta a m\u00e9dia de combust\u00edvel.<br \/>\n<div class=\"wpb_separator wpb_content_element \"><\/div>\n<\/p>\n<h4>SERVI\u00c7O TORNEARIA<\/h4>\n<p>Servi\u00e7os de embuchamento de eixo dianteiro, eixos e ferramentas em geral.<br \/>\n<div class=\"wpb_separator wpb_content_element \"><\/div>\n<\/p>\n<h4>SERVI\u00c7O DE SOLDAS EM GERAIS<\/h4>\n<p>Servi\u00e7os de soldas em gerais, suportes, carroceria.<br \/>\n<div class=\"wpb_separator wpb_content_element \"><\/div>\n<\/p>\n<h4>MANUTEN\u00c7\u00c3O EM RADIADORES E INTERCOLERS<\/h4>\n<p>Limpeza completa de radiadores.<br \/>\n<div class=\"wpb_separator wpb_content_element \"><\/div>\n<\/p>\n<h4>FUNILARIA E PINTURA<\/h4>\n<p>Reforma de cabines, funilaria e pintura.<br \/>\n<div class=\"wpb_separator wpb_content_element \"><\/div>\n<\/p>\n<h4>SERVI\u00c7OS MOTOR \/ CAIXA DE CAMBIO \/ DIFERENCIAL<\/h4>\n<p>Servi\u00e7os especializados com t\u00e9cnicos treinados e pe\u00e7as originais.<br \/>\n<div class=\"wpb_separator wpb_content_element \"><\/div>\n<\/p>\n<h4>SERVI\u00c7OS EM FREIOS COM BANCADA DE TESTE<\/h4>\n<p>Servi\u00e7o especializado com t\u00e9cnicos treinados e pe\u00e7as originais.<\/p>\n\n\t\t<\/div> \n\t<\/div> <\/div>\n","protected":false},"excerpt":{"rendered":"<p>Conhe\u00e7a os servi\u00e7os oferecidos pela Auto Pe\u00e7as e Mec\u00e2nica Rodovia.<\/p>\n","protected":false},"author":2,"featured_media":0,"parent":0,"menu_order":0,"comment_status":"open","ping_status":"open","template":"","meta":[],"yoast_head":"<!-- This site is optimized with the Yoast SEO plugin v19.14 - https:\/\/yoast.com\/wordpress\/plugins\/seo\/ -->\n<title>Servi\u00e7os - Auto Pe\u00e7as Rodovia<\/title>\n<meta name=\"robots\" content=\"index, follow, max-snippet:-1, max-image-preview:large, max-video-preview:-1\" \/>\n<link rel=\"canonical\" href=\"https:\/\/autopecasrodovia.com.br\/site\/servicos\/\" \/>\n<meta property=\"og:locale\" content=\"pt_BR\" \/>\n<meta property=\"og:type\" content=\"article\" \/>\n<meta property=\"og:title\" content=\"Servi\u00e7os - Auto Pe\u00e7as Rodovia\" \/>\n<meta property=\"og:description\" content=\"Conhe\u00e7a os servi\u00e7os oferecidos pela Auto Pe\u00e7as e Mec\u00e2nica Rodovia.\" \/>\n<meta property=\"og:url\" content=\"https:\/\/autopecasrodovia.com.br\/site\/servicos\/\" \/>\n<meta property=\"og:site_name\" content=\"Auto Pe\u00e7as Rodovia\" \/>\n<meta property=\"article:modified_time\" content=\"2019-02-14T12:22:00+00:00\" \/>\n<meta name=\"twitter:card\" content=\"summary_large_image\" \/>\n<meta name=\"twitter:label1\" content=\"Est. tempo de leitura\" \/>\n\t<meta name=\"twitter:data1\" content=\"2 minutos\" \/>\n<script type=\"application\/ld+json\" class=\"yoast-schema-graph\">{\"@context\":\"https:\/\/schema.org\",\"@graph\":[{\"@type\":\"WebPage\",\"@id\":\"https:\/\/autopecasrodovia.com.br\/site\/servicos\/\",\"url\":\"https:\/\/autopecasrodovia.com.br\/site\/servicos\/\",\"name\":\"Servi\u00e7os - Auto Pe\u00e7as Rodovia\",\"isPartOf\":{\"@id\":\"https:\/\/autopecasrodovia.com.br\/site\/#website\"},\"datePublished\":\"2012-12-04T12:07:11+00:00\",\"dateModified\":\"2019-02-14T12:22:00+00:00\",\"breadcrumb\":{\"@id\":\"https:\/\/autopecasrodovia.com.br\/site\/servicos\/#breadcrumb\"},\"inLanguage\":\"pt-BR\",\"potentialAction\":[{\"@type\":\"ReadAction\",\"target\":[\"https:\/\/autopecasrodovia.com.br\/site\/servicos\/\"]}]},{\"@type\":\"BreadcrumbList\",\"@id\":\"https:\/\/autopecasrodovia.com.br\/site\/servicos\/#breadcrumb\",\"itemListElement\":[{\"@type\":\"ListItem\",\"position\":1,\"name\":\"In\u00edcio\",\"item\":\"https:\/\/autopecasrodovia.com.br\/site\/\"},{\"@type\":\"ListItem\",\"position\":2,\"name\":\"Servi\u00e7os\"}]},{\"@type\":\"WebSite\",\"@id\":\"https:\/\/autopecasrodovia.com.br\/site\/#website\",\"url\":\"https:\/\/autopecasrodovia.com.br\/site\/\",\"name\":\"Auto Pe\u00e7as Rodovia\",\"description\":\"Mec\u00e2nica e Pe\u00e7as para Caminh\u00f5es\",\"publisher\":{\"@id\":\"https:\/\/autopecasrodovia.com.br\/site\/#organization\"},\"potentialAction\":[{\"@type\":\"SearchAction\",\"target\":{\"@type\":\"EntryPoint\",\"urlTemplate\":\"https:\/\/autopecasrodovia.com.br\/site\/?s={search_term_string}\"},\"query-input\":\"required name=search_term_string\"}],\"inLanguage\":\"pt-BR\"},{\"@type\":\"Organization\",\"@id\":\"https:\/\/autopecasrodovia.com.br\/site\/#organization\",\"name\":\"Auto Pe\u00e7as Rodovia\",\"url\":\"https:\/\/autopecasrodovia.com.br\/site\/\",\"logo\":{\"@type\":\"ImageObject\",\"inLanguage\":\"pt-BR\",\"@id\":\"https:\/\/autopecasrodovia.com.br\/site\/#\/schema\/logo\/image\/\",\"url\":\"https:\/\/autopecasrodovia.com.br\/site\/wp-content\/uploads\/2012\/12\/logo_aprod1.png\",\"contentUrl\":\"https:\/\/autopecasrodovia.com.br\/site\/wp-content\/uploads\/2012\/12\/logo_aprod1.png\",\"width\":217,\"height\":100,\"caption\":\"Auto Pe\u00e7as Rodovia\"},\"image\":{\"@id\":\"https:\/\/autopecasrodovia.com.br\/site\/#\/schema\/logo\/image\/\"}}]}<\/script>\n<!-- \/ Yoast SEO plugin. -->","yoast_head_json":{"title":"Servi\u00e7os - Auto Pe\u00e7as Rodovia","robots":{"index":"index","follow":"follow","max-snippet":"max-snippet:-1","max-image-preview":"max-image-preview:large","max-video-preview":"max-video-preview:-1"},"canonical":"https:\/\/autopecasrodovia.com.br\/site\/servicos\/","og_locale":"pt_BR","og_type":"article","og_title":"Servi\u00e7os - Auto Pe\u00e7as Rodovia","og_description":"Conhe\u00e7a os servi\u00e7os oferecidos pela Auto Pe\u00e7as e Mec\u00e2nica Rodovia.","og_url":"https:\/\/autopecasrodovia.com.br\/site\/servicos\/","og_site_name":"Auto Pe\u00e7as Rodovia","article_modified_time":"2019-02-14T12:22:00+00:00","twitter_card":"summary_large_image","twitter_misc":{"Est. tempo de leitura":"2 minutos"},"schema":{"@context":"https:\/\/schema.org","@graph":[{"@type":"WebPage","@id":"https:\/\/autopecasrodovia.com.br\/site\/servicos\/","url":"https:\/\/autopecasrodovia.com.br\/site\/servicos\/","name":"Servi\u00e7os - Auto Pe\u00e7as Rodovia","isPartOf":{"@id":"https:\/\/autopecasrodovia.com.br\/site\/#website"},"datePublished":"2012-12-04T12:07:11+00:00","dateModified":"2019-02-14T12:22:00+00:00","breadcrumb":{"@id":"https:\/\/autopecasrodovia.com.br\/site\/servicos\/#breadcrumb"},"inLanguage":"pt-BR","potentialAction":[{"@type":"ReadAction","target":["https:\/\/autopecasrodovia.com.br\/site\/servicos\/"]}]},{"@type":"BreadcrumbList","@id":"https:\/\/autopecasrodovia.com.br\/site\/servicos\/#breadcrumb","itemListElement":[{"@type":"ListItem","position":1,"name":"In\u00edcio","item":"https:\/\/autopecasrodovia.com.br\/site\/"},{"@type":"ListItem","position":2,"name":"Servi\u00e7os"}]},{"@type":"WebSite","@id":"https:\/\/autopecasrodovia.com.br\/site\/#website","url":"https:\/\/autopecasrodovia.com.br\/site\/","name":"Auto Pe\u00e7as Rodovia","description":"Mec\u00e2nica e Pe\u00e7as para Caminh\u00f5es","publisher":{"@id":"https:\/\/autopecasrodovia.com.br\/site\/#organization"},"potentialAction":[{"@type":"SearchAction","target":{"@type":"EntryPoint","urlTemplate":"https:\/\/autopecasrodovia.com.br\/site\/?s={search_term_string}"},"query-input":"required name=search_term_string"}],"inLanguage":"pt-BR"},{"@type":"Organization","@id":"https:\/\/autopecasrodovia.com.br\/site\/#organization","name":"Auto Pe\u00e7as Rodovia","url":"https:\/\/autopecasrodovia.com.br\/site\/","logo":{"@type":"ImageObject","inLanguage":"pt-BR","@id":"https:\/\/autopecasrodovia.com.br\/site\/#\/schema\/logo\/image\/","url":"https:\/\/autopecasrodovia.com.br\/site\/wp-content\/uploads\/2012\/12\/logo_aprod1.png","contentUrl":"https:\/\/autopecasrodovia.com.br\/site\/wp-content\/uploads\/2012\/12\/logo_aprod1.png","width":217,"height":100,"caption":"Auto Pe\u00e7as Rodovia"},"image":{"@id":"https:\/\/autopecasrodovia.com.br\/site\/#\/schema\/logo\/image\/"}}]}},"_links":{"self":[{"href":"https:\/\/autopecasrodovia.com.br\/site\/wp-json\/wp\/v2\/pages\/16"}],"collection":[{"href":"https:\/\/autopecasrodovia.com.br\/site\/wp-json\/wp\/v2\/pages"}],"about":[{"href":"https:\/\/autopecasrodovia.com.br\/site\/wp-json\/wp\/v2\/types\/page"}],"author":[{"embeddable":true,"href":"https:\/\/autopecasrodovia.com.br\/site\/wp-json\/wp\/v2\/users\/2"}],"replies":[{"embeddable":true,"href":"https:\/\/autopecasrodovia.com.br\/site\/wp-json\/wp\/v2\/comments?post=16"}],"version-history":[{"count":0,"href":"https:\/\/autopecasrodovia.com.br\/site\/wp-json\/wp\/v2\/pages\/16\/revisions"}],"wp:attachment":[{"href":"https:\/\/autopecasrodovia.com.br\/site\/wp-json\/wp\/v2\/media?parent=16"}],"curies":[{"name":"wp","href":"https:\/\/api.w.org\/{rel}","templated":true}]}}