{"id":157,"date":"2013-02-11T14:36:43","date_gmt":"2013-02-11T17:36:43","guid":{"rendered":"http:\/\/www.autopecasrodovia.com.br\/site\/?page_id=157"},"modified":"2013-02-11T14:45:35","modified_gmt":"2013-02-11T17:45:35","slug":"orcamento","status":"publish","type":"page","link":"https:\/\/autopecasrodovia.com.br\/site\/orcamento\/","title":{"rendered":"Or\u00e7amento"},"content":{"rendered":"<h2>Solicite um or\u00e7amento agora mesmo<\/h2>\n<p>Preencha todos os campos abaixo e envie a sua solicita\u00e7\u00e3o:<br \/>\n<div class=\"wpcf7 no-js\" id=\"wpcf7-f156-o1\" lang=\"en-US\" dir=\"ltr\">\n<div class=\"screen-reader-response\"><p role=\"status\" aria-live=\"polite\" aria-atomic=\"true\"><\/p> <ul><\/ul><\/div>\n<form action=\"\/site\/wp-json\/wp\/v2\/pages\/157#wpcf7-f156-o1\" method=\"post\" class=\"wpcf7-form init\" aria-label=\"Contact form\" novalidate=\"novalidate\" data-status=\"init\">\n<div style=\"display: none;\">\n<input type=\"hidden\" name=\"_wpcf7\" value=\"156\" \/>\n<input type=\"hidden\" name=\"_wpcf7_version\" value=\"5.7.2\" \/>\n<input type=\"hidden\" name=\"_wpcf7_locale\" value=\"en_US\" \/>\n<input type=\"hidden\" name=\"_wpcf7_unit_tag\" value=\"wpcf7-f156-o1\" \/>\n<input type=\"hidden\" name=\"_wpcf7_container_post\" value=\"0\" \/>\n<input type=\"hidden\" name=\"_wpcf7_posted_data_hash\" value=\"\" \/>\n<input type=\"hidden\" name=\"_wpcf7_recaptcha_response\" value=\"\" \/>\n<\/div>\n<p><b>Nome* <\/b><span class=\"wpcf7-form-control-wrap\" data-name=\"nome\"><input size=\"40\" class=\"wpcf7-form-control wpcf7-text wpcf7-validates-as-required\" aria-required=\"true\" aria-invalid=\"false\" value=\"\" type=\"text\" name=\"nome\" \/><\/span>\n<\/p>\n<p><b>E-mail* <\/b><span class=\"wpcf7-form-control-wrap\" data-name=\"e-mail\"><input size=\"40\" class=\"wpcf7-form-control wpcf7-text wpcf7-email wpcf7-validates-as-required wpcf7-validates-as-email\" aria-required=\"true\" aria-invalid=\"false\" value=\"\" type=\"email\" name=\"e-mail\" \/><\/span>\n<\/p>\n<p><b>Fone* <\/b><span class=\"wpcf7-form-control-wrap\" data-name=\"fone\"><input size=\"40\" class=\"wpcf7-form-control wpcf7-text wpcf7-validates-as-required\" aria-required=\"true\" aria-invalid=\"false\" value=\"\" type=\"text\" name=\"fone\" \/><\/span>\n<\/p>\n<p><b>Cidade* <\/b><span class=\"wpcf7-form-control-wrap\" data-name=\"cidade\"><input size=\"40\" class=\"wpcf7-form-control wpcf7-text wpcf7-validates-as-required\" aria-required=\"true\" aria-invalid=\"false\" value=\"\" type=\"text\" name=\"cidade\" \/><\/span>\n<\/p>\n<p><b>Mensagem*<\/b>\n<\/p>\n<p><span class=\"wpcf7-form-control-wrap\" data-name=\"your-message\"><textarea cols=\"40\" rows=\"10\" class=\"wpcf7-form-control wpcf7-textarea\" aria-invalid=\"false\" name=\"your-message\"><\/textarea><\/span><br \/>\n<\/p>\n<span class=\"wpcf7-form-control-wrap recaptcha\" data-name=\"recaptcha\"><span data-sitekey=\"6LdmtSMUAAAAAFBc7_hPOzSC7ulRgpwYOo-_2Br5\" class=\"wpcf7-form-control g-recaptcha wpcf7-recaptcha\"><\/span>\r\n<noscript>\r\n\t<div class=\"grecaptcha-noscript\">\r\n\t\t<iframe src=\"https:\/\/www.google.com\/recaptcha\/api\/fallback?k=6LdmtSMUAAAAAFBc7_hPOzSC7ulRgpwYOo-_2Br5\" frameborder=\"0\" scrolling=\"no\" width=\"310\" height=\"430\">\r\n\t\t<\/iframe>\r\n\t\t<textarea name=\"g-recaptcha-response\" rows=\"3\" cols=\"40\" placeholder=\"reCaptcha Response Here\">\r\n\t\t<\/textarea>\r\n\t<\/div>\r\n<\/noscript>\r\n<\/span>\n<p><input class=\"wpcf7-form-control has-spinner wpcf7-submit\" type=\"submit\" value=\"Enviar\" \/>\n<\/p><div class=\"wpcf7-response-output\" aria-hidden=\"true\"><\/div><\/form><\/div>\n","protected":false},"excerpt":{"rendered":"<p>Solicite um or\u00e7amento agora mesmo Preencha todos os campos abaixo e envie a sua solicita\u00e7\u00e3o:<\/p>\n","protected":false},"author":2,"featured_media":0,"parent":0,"menu_order":0,"comment_status":"open","ping_status":"open","template":"","meta":[],"yoast_head":"<!-- This site is optimized with the Yoast SEO plugin v19.14 - https:\/\/yoast.com\/wordpress\/plugins\/seo\/ -->\n<title>Or\u00e7amento - Auto Pe\u00e7as Rodovia<\/title>\n<meta name=\"robots\" content=\"index, follow, max-snippet:-1, max-image-preview:large, max-video-preview:-1\" \/>\n<link rel=\"canonical\" href=\"https:\/\/autopecasrodovia.com.br\/site\/orcamento\/\" \/>\n<meta property=\"og:locale\" content=\"pt_BR\" \/>\n<meta property=\"og:type\" content=\"article\" \/>\n<meta property=\"og:title\" content=\"Or\u00e7amento - Auto Pe\u00e7as Rodovia\" \/>\n<meta property=\"og:description\" content=\"Solicite um or\u00e7amento agora mesmo Preencha todos os campos abaixo e envie a sua solicita\u00e7\u00e3o:\" \/>\n<meta property=\"og:url\" content=\"https:\/\/autopecasrodovia.com.br\/site\/orcamento\/\" \/>\n<meta property=\"og:site_name\" content=\"Auto Pe\u00e7as Rodovia\" \/>\n<meta property=\"article:modified_time\" content=\"2013-02-11T17:45:35+00:00\" \/>\n<meta name=\"twitter:card\" content=\"summary_large_image\" \/>\n<script type=\"application\/ld+json\" class=\"yoast-schema-graph\">{\"@context\":\"https:\/\/schema.org\",\"@graph\":[{\"@type\":\"WebPage\",\"@id\":\"https:\/\/autopecasrodovia.com.br\/site\/orcamento\/\",\"url\":\"https:\/\/autopecasrodovia.com.br\/site\/orcamento\/\",\"name\":\"Or\u00e7amento - Auto Pe\u00e7as Rodovia\",\"isPartOf\":{\"@id\":\"https:\/\/autopecasrodovia.com.br\/site\/#website\"},\"datePublished\":\"2013-02-11T17:36:43+00:00\",\"dateModified\":\"2013-02-11T17:45:35+00:00\",\"breadcrumb\":{\"@id\":\"https:\/\/autopecasrodovia.com.br\/site\/orcamento\/#breadcrumb\"},\"inLanguage\":\"pt-BR\",\"potentialAction\":[{\"@type\":\"ReadAction\",\"target\":[\"https:\/\/autopecasrodovia.com.br\/site\/orcamento\/\"]}]},{\"@type\":\"BreadcrumbList\",\"@id\":\"https:\/\/autopecasrodovia.com.br\/site\/orcamento\/#breadcrumb\",\"itemListElement\":[{\"@type\":\"ListItem\",\"position\":1,\"name\":\"In\u00edcio\",\"item\":\"https:\/\/autopecasrodovia.com.br\/site\/\"},{\"@type\":\"ListItem\",\"position\":2,\"name\":\"Or\u00e7amento\"}]},{\"@type\":\"WebSite\",\"@id\":\"https:\/\/autopecasrodovia.com.br\/site\/#website\",\"url\":\"https:\/\/autopecasrodovia.com.br\/site\/\",\"name\":\"Auto Pe\u00e7as Rodovia\",\"description\":\"Mec\u00e2nica e Pe\u00e7as para Caminh\u00f5es\",\"publisher\":{\"@id\":\"https:\/\/autopecasrodovia.com.br\/site\/#organization\"},\"potentialAction\":[{\"@type\":\"SearchAction\",\"target\":{\"@type\":\"EntryPoint\",\"urlTemplate\":\"https:\/\/autopecasrodovia.com.br\/site\/?s={search_term_string}\"},\"query-input\":\"required name=search_term_string\"}],\"inLanguage\":\"pt-BR\"},{\"@type\":\"Organization\",\"@id\":\"https:\/\/autopecasrodovia.com.br\/site\/#organization\",\"name\":\"Auto Pe\u00e7as Rodovia\",\"url\":\"https:\/\/autopecasrodovia.com.br\/site\/\",\"logo\":{\"@type\":\"ImageObject\",\"inLanguage\":\"pt-BR\",\"@id\":\"https:\/\/autopecasrodovia.com.br\/site\/#\/schema\/logo\/image\/\",\"url\":\"https:\/\/autopecasrodovia.com.br\/site\/wp-content\/uploads\/2012\/12\/logo_aprod1.png\",\"contentUrl\":\"https:\/\/autopecasrodovia.com.br\/site\/wp-content\/uploads\/2012\/12\/logo_aprod1.png\",\"width\":217,\"height\":100,\"caption\":\"Auto Pe\u00e7as Rodovia\"},\"image\":{\"@id\":\"https:\/\/autopecasrodovia.com.br\/site\/#\/schema\/logo\/image\/\"}}]}<\/script>\n<!-- \/ Yoast SEO plugin. -->","yoast_head_json":{"title":"Or\u00e7amento - Auto Pe\u00e7as Rodovia","robots":{"index":"index","follow":"follow","max-snippet":"max-snippet:-1","max-image-preview":"max-image-preview:large","max-video-preview":"max-video-preview:-1"},"canonical":"https:\/\/autopecasrodovia.com.br\/site\/orcamento\/","og_locale":"pt_BR","og_type":"article","og_title":"Or\u00e7amento - Auto Pe\u00e7as Rodovia","og_description":"Solicite um or\u00e7amento agora mesmo Preencha todos os campos abaixo e envie a sua solicita\u00e7\u00e3o:","og_url":"https:\/\/autopecasrodovia.com.br\/site\/orcamento\/","og_site_name":"Auto Pe\u00e7as Rodovia","article_modified_time":"2013-02-11T17:45:35+00:00","twitter_card":"summary_large_image","schema":{"@context":"https:\/\/schema.org","@graph":[{"@type":"WebPage","@id":"https:\/\/autopecasrodovia.com.br\/site\/orcamento\/","url":"https:\/\/autopecasrodovia.com.br\/site\/orcamento\/","name":"Or\u00e7amento - Auto Pe\u00e7as Rodovia","isPartOf":{"@id":"https:\/\/autopecasrodovia.com.br\/site\/#website"},"datePublished":"2013-02-11T17:36:43+00:00","dateModified":"2013-02-11T17:45:35+00:00","breadcrumb":{"@id":"https:\/\/autopecasrodovia.com.br\/site\/orcamento\/#breadcrumb"},"inLanguage":"pt-BR","potentialAction":[{"@type":"ReadAction","target":["https:\/\/autopecasrodovia.com.br\/site\/orcamento\/"]}]},{"@type":"BreadcrumbList","@id":"https:\/\/autopecasrodovia.com.br\/site\/orcamento\/#breadcrumb","itemListElement":[{"@type":"ListItem","position":1,"name":"In\u00edcio","item":"https:\/\/autopecasrodovia.com.br\/site\/"},{"@type":"ListItem","position":2,"name":"Or\u00e7amento"}]},{"@type":"WebSite","@id":"https:\/\/autopecasrodovia.com.br\/site\/#website","url":"https:\/\/autopecasrodovia.com.br\/site\/","name":"Auto Pe\u00e7as Rodovia","description":"Mec\u00e2nica e Pe\u00e7as para Caminh\u00f5es","publisher":{"@id":"https:\/\/autopecasrodovia.com.br\/site\/#organization"},"potentialAction":[{"@type":"SearchAction","target":{"@type":"EntryPoint","urlTemplate":"https:\/\/autopecasrodovia.com.br\/site\/?s={search_term_string}"},"query-input":"required name=search_term_string"}],"inLanguage":"pt-BR"},{"@type":"Organization","@id":"https:\/\/autopecasrodovia.com.br\/site\/#organization","name":"Auto Pe\u00e7as Rodovia","url":"https:\/\/autopecasrodovia.com.br\/site\/","logo":{"@type":"ImageObject","inLanguage":"pt-BR","@id":"https:\/\/autopecasrodovia.com.br\/site\/#\/schema\/logo\/image\/","url":"https:\/\/autopecasrodovia.com.br\/site\/wp-content\/uploads\/2012\/12\/logo_aprod1.png","contentUrl":"https:\/\/autopecasrodovia.com.br\/site\/wp-content\/uploads\/2012\/12\/logo_aprod1.png","width":217,"height":100,"caption":"Auto Pe\u00e7as Rodovia"},"image":{"@id":"https:\/\/autopecasrodovia.com.br\/site\/#\/schema\/logo\/image\/"}}]}},"_links":{"self":[{"href":"https:\/\/autopecasrodovia.com.br\/site\/wp-json\/wp\/v2\/pages\/157"}],"collection":[{"href":"https:\/\/autopecasrodovia.com.br\/site\/wp-json\/wp\/v2\/pages"}],"about":[{"href":"https:\/\/autopecasrodovia.com.br\/site\/wp-json\/wp\/v2\/types\/page"}],"author":[{"embeddable":true,"href":"https:\/\/autopecasrodovia.com.br\/site\/wp-json\/wp\/v2\/users\/2"}],"replies":[{"embeddable":true,"href":"https:\/\/autopecasrodovia.com.br\/site\/wp-json\/wp\/v2\/comments?post=157"}],"version-history":[{"count":0,"href":"https:\/\/autopecasrodovia.com.br\/site\/wp-json\/wp\/v2\/pages\/157\/revisions"}],"wp:attachment":[{"href":"https:\/\/autopecasrodovia.com.br\/site\/wp-json\/wp\/v2\/media?parent=157"}],"curies":[{"name":"wp","href":"https:\/\/api.w.org\/{rel}","templated":true}]}}