{"id":14,"date":"2012-12-04T09:06:42","date_gmt":"2012-12-04T12:06:42","guid":{"rendered":"http:\/\/www.autopecasrodovia.com.br\/site\/?page_id=14"},"modified":"2012-12-06T11:05:04","modified_gmt":"2012-12-06T14:05:04","slug":"auto-pecas-rodovia","status":"publish","type":"page","link":"https:\/\/autopecasrodovia.com.br\/site\/auto-pecas-rodovia\/","title":{"rendered":"Auto Pe\u00e7as Rodovia"},"content":{"rendered":"<h4 align='center'>Fundada em 1984, a Auto Pe\u00e7as e Mec\u00e2nica Rodovia conta com uma \u00e1rea de 4500 metros quadrados.<\/h4>\n<div class=\"row-fluid\">\n\t<div class=\"wpb_content_element wpb_single_image span12\">\n\t\t<div class=\"wpb_wrapper entry_image\">\n\t\t\t<a rel=\"prettyPhoto\" href=\"https:\/\/autopecasrodovia.com.br\/site\/wp-content\/uploads\/2012\/12\/institucional1.jpg\"><img src=\"https:\/\/autopecasrodovia.com.br\/site\/wp-content\/uploads\/2012\/12\/institucional1.jpg\" width=\"860\" height=\"270\" \/><div class=\"item-overlay\"><span><\/span><\/div><\/a>\n\t\t<\/div> \n\t<\/div> <\/div>\n<div class=\"row-fluid\">\n\t<div class=\"wpb_content_element span12 wpb_text_column\">\n\t\t<div class=\"wpb_wrapper\">\n\t\t\t\n<div align=\"justify\">\nBuscando o que h\u00e1 de mais moderno para melhor atender seus clientes, a Auto Pe\u00e7as e Mec\u00e2nica Rodovia tem \u00e0 sua disposi\u00e7\u00e3o o servi\u00e7o de diagn\u00f3stico computadorizado para unidades injetoras de caminh\u00f5es, pick-ups, \u00f4nibus e vans.<\/p>\n<p>Este equipamento \u00e9 considerado a solu\u00e7\u00e3o definitiva no diagn\u00f3stico de funcionamento para repara\u00e7\u00e3o em unidades injetora e componentes do sistema de inje\u00e7\u00e3o common rail (injetores diesel e bomba alta press\u00e3o).<\/p>\n<p>Vale lembrar que a Auto Pe\u00e7as e Mec\u00e2nica Rodovia conta com um completo servi\u00e7o de Bomba Injetoras e Bicos injetores para Cianorte e regi\u00e3o, sendo pioneira neste segmento.<\/p>\n<p>Oferece servi\u00e7os de freios, c\u00e2mbio, diferenciais, embreagem, montagem de motores, acess\u00f3rios e conta com uma tornearia pr\u00f3pria para soldas e embuchamentos.\n\t\t<\/div> \n\t<\/div> <\/div>\n<\/div>\n<p>&nbsp;<\/p>\n","protected":false},"excerpt":{"rendered":"<p>Fundada em 1984, a Auto Pe\u00e7as e Mec\u00e2nica Rodovia conta com uma \u00e1rea de 4500 metros quadrados. &nbsp;<\/p>\n","protected":false},"author":2,"featured_media":0,"parent":0,"menu_order":0,"comment_status":"open","ping_status":"open","template":"","meta":[],"yoast_head":"<!-- This site is optimized with the Yoast SEO plugin v19.14 - https:\/\/yoast.com\/wordpress\/plugins\/seo\/ -->\n<title>Auto Pe\u00e7as Rodovia - Auto Pe\u00e7as Rodovia<\/title>\n<meta name=\"robots\" content=\"index, follow, max-snippet:-1, max-image-preview:large, max-video-preview:-1\" \/>\n<link rel=\"canonical\" href=\"https:\/\/autopecasrodovia.com.br\/site\/auto-pecas-rodovia\/\" \/>\n<meta property=\"og:locale\" content=\"pt_BR\" \/>\n<meta property=\"og:type\" content=\"article\" \/>\n<meta property=\"og:title\" content=\"Auto Pe\u00e7as Rodovia - Auto Pe\u00e7as Rodovia\" \/>\n<meta property=\"og:description\" content=\"Fundada em 1984, a Auto Pe\u00e7as e Mec\u00e2nica Rodovia conta com uma \u00e1rea de 4500 metros quadrados. &nbsp;\" \/>\n<meta property=\"og:url\" content=\"https:\/\/autopecasrodovia.com.br\/site\/auto-pecas-rodovia\/\" \/>\n<meta property=\"og:site_name\" content=\"Auto Pe\u00e7as Rodovia\" \/>\n<meta property=\"article:modified_time\" content=\"2012-12-06T14:05:04+00:00\" \/>\n<meta name=\"twitter:card\" content=\"summary_large_image\" \/>\n<meta name=\"twitter:label1\" content=\"Est. tempo de leitura\" \/>\n\t<meta name=\"twitter:data1\" content=\"1 minuto\" \/>\n<script type=\"application\/ld+json\" class=\"yoast-schema-graph\">{\"@context\":\"https:\/\/schema.org\",\"@graph\":[{\"@type\":\"WebPage\",\"@id\":\"https:\/\/autopecasrodovia.com.br\/site\/auto-pecas-rodovia\/\",\"url\":\"https:\/\/autopecasrodovia.com.br\/site\/auto-pecas-rodovia\/\",\"name\":\"Auto Pe\u00e7as Rodovia - Auto Pe\u00e7as Rodovia\",\"isPartOf\":{\"@id\":\"https:\/\/autopecasrodovia.com.br\/site\/#website\"},\"datePublished\":\"2012-12-04T12:06:42+00:00\",\"dateModified\":\"2012-12-06T14:05:04+00:00\",\"breadcrumb\":{\"@id\":\"https:\/\/autopecasrodovia.com.br\/site\/auto-pecas-rodovia\/#breadcrumb\"},\"inLanguage\":\"pt-BR\",\"potentialAction\":[{\"@type\":\"ReadAction\",\"target\":[\"https:\/\/autopecasrodovia.com.br\/site\/auto-pecas-rodovia\/\"]}]},{\"@type\":\"BreadcrumbList\",\"@id\":\"https:\/\/autopecasrodovia.com.br\/site\/auto-pecas-rodovia\/#breadcrumb\",\"itemListElement\":[{\"@type\":\"ListItem\",\"position\":1,\"name\":\"In\u00edcio\",\"item\":\"https:\/\/autopecasrodovia.com.br\/site\/\"},{\"@type\":\"ListItem\",\"position\":2,\"name\":\"Auto Pe\u00e7as Rodovia\"}]},{\"@type\":\"WebSite\",\"@id\":\"https:\/\/autopecasrodovia.com.br\/site\/#website\",\"url\":\"https:\/\/autopecasrodovia.com.br\/site\/\",\"name\":\"Auto Pe\u00e7as Rodovia\",\"description\":\"Mec\u00e2nica e Pe\u00e7as para Caminh\u00f5es\",\"publisher\":{\"@id\":\"https:\/\/autopecasrodovia.com.br\/site\/#organization\"},\"potentialAction\":[{\"@type\":\"SearchAction\",\"target\":{\"@type\":\"EntryPoint\",\"urlTemplate\":\"https:\/\/autopecasrodovia.com.br\/site\/?s={search_term_string}\"},\"query-input\":\"required name=search_term_string\"}],\"inLanguage\":\"pt-BR\"},{\"@type\":\"Organization\",\"@id\":\"https:\/\/autopecasrodovia.com.br\/site\/#organization\",\"name\":\"Auto Pe\u00e7as Rodovia\",\"url\":\"https:\/\/autopecasrodovia.com.br\/site\/\",\"logo\":{\"@type\":\"ImageObject\",\"inLanguage\":\"pt-BR\",\"@id\":\"https:\/\/autopecasrodovia.com.br\/site\/#\/schema\/logo\/image\/\",\"url\":\"https:\/\/autopecasrodovia.com.br\/site\/wp-content\/uploads\/2012\/12\/logo_aprod1.png\",\"contentUrl\":\"https:\/\/autopecasrodovia.com.br\/site\/wp-content\/uploads\/2012\/12\/logo_aprod1.png\",\"width\":217,\"height\":100,\"caption\":\"Auto Pe\u00e7as Rodovia\"},\"image\":{\"@id\":\"https:\/\/autopecasrodovia.com.br\/site\/#\/schema\/logo\/image\/\"}}]}<\/script>\n<!-- \/ Yoast SEO plugin. -->","yoast_head_json":{"title":"Auto Pe\u00e7as Rodovia - Auto Pe\u00e7as Rodovia","robots":{"index":"index","follow":"follow","max-snippet":"max-snippet:-1","max-image-preview":"max-image-preview:large","max-video-preview":"max-video-preview:-1"},"canonical":"https:\/\/autopecasrodovia.com.br\/site\/auto-pecas-rodovia\/","og_locale":"pt_BR","og_type":"article","og_title":"Auto Pe\u00e7as Rodovia - Auto Pe\u00e7as Rodovia","og_description":"Fundada em 1984, a Auto Pe\u00e7as e Mec\u00e2nica Rodovia conta com uma \u00e1rea de 4500 metros quadrados. &nbsp;","og_url":"https:\/\/autopecasrodovia.com.br\/site\/auto-pecas-rodovia\/","og_site_name":"Auto Pe\u00e7as Rodovia","article_modified_time":"2012-12-06T14:05:04+00:00","twitter_card":"summary_large_image","twitter_misc":{"Est. tempo de leitura":"1 minuto"},"schema":{"@context":"https:\/\/schema.org","@graph":[{"@type":"WebPage","@id":"https:\/\/autopecasrodovia.com.br\/site\/auto-pecas-rodovia\/","url":"https:\/\/autopecasrodovia.com.br\/site\/auto-pecas-rodovia\/","name":"Auto Pe\u00e7as Rodovia - Auto Pe\u00e7as Rodovia","isPartOf":{"@id":"https:\/\/autopecasrodovia.com.br\/site\/#website"},"datePublished":"2012-12-04T12:06:42+00:00","dateModified":"2012-12-06T14:05:04+00:00","breadcrumb":{"@id":"https:\/\/autopecasrodovia.com.br\/site\/auto-pecas-rodovia\/#breadcrumb"},"inLanguage":"pt-BR","potentialAction":[{"@type":"ReadAction","target":["https:\/\/autopecasrodovia.com.br\/site\/auto-pecas-rodovia\/"]}]},{"@type":"BreadcrumbList","@id":"https:\/\/autopecasrodovia.com.br\/site\/auto-pecas-rodovia\/#breadcrumb","itemListElement":[{"@type":"ListItem","position":1,"name":"In\u00edcio","item":"https:\/\/autopecasrodovia.com.br\/site\/"},{"@type":"ListItem","position":2,"name":"Auto Pe\u00e7as Rodovia"}]},{"@type":"WebSite","@id":"https:\/\/autopecasrodovia.com.br\/site\/#website","url":"https:\/\/autopecasrodovia.com.br\/site\/","name":"Auto Pe\u00e7as Rodovia","description":"Mec\u00e2nica e Pe\u00e7as para Caminh\u00f5es","publisher":{"@id":"https:\/\/autopecasrodovia.com.br\/site\/#organization"},"potentialAction":[{"@type":"SearchAction","target":{"@type":"EntryPoint","urlTemplate":"https:\/\/autopecasrodovia.com.br\/site\/?s={search_term_string}"},"query-input":"required name=search_term_string"}],"inLanguage":"pt-BR"},{"@type":"Organization","@id":"https:\/\/autopecasrodovia.com.br\/site\/#organization","name":"Auto Pe\u00e7as Rodovia","url":"https:\/\/autopecasrodovia.com.br\/site\/","logo":{"@type":"ImageObject","inLanguage":"pt-BR","@id":"https:\/\/autopecasrodovia.com.br\/site\/#\/schema\/logo\/image\/","url":"https:\/\/autopecasrodovia.com.br\/site\/wp-content\/uploads\/2012\/12\/logo_aprod1.png","contentUrl":"https:\/\/autopecasrodovia.com.br\/site\/wp-content\/uploads\/2012\/12\/logo_aprod1.png","width":217,"height":100,"caption":"Auto Pe\u00e7as Rodovia"},"image":{"@id":"https:\/\/autopecasrodovia.com.br\/site\/#\/schema\/logo\/image\/"}}]}},"_links":{"self":[{"href":"https:\/\/autopecasrodovia.com.br\/site\/wp-json\/wp\/v2\/pages\/14"}],"collection":[{"href":"https:\/\/autopecasrodovia.com.br\/site\/wp-json\/wp\/v2\/pages"}],"about":[{"href":"https:\/\/autopecasrodovia.com.br\/site\/wp-json\/wp\/v2\/types\/page"}],"author":[{"embeddable":true,"href":"https:\/\/autopecasrodovia.com.br\/site\/wp-json\/wp\/v2\/users\/2"}],"replies":[{"embeddable":true,"href":"https:\/\/autopecasrodovia.com.br\/site\/wp-json\/wp\/v2\/comments?post=14"}],"version-history":[{"count":0,"href":"https:\/\/autopecasrodovia.com.br\/site\/wp-json\/wp\/v2\/pages\/14\/revisions"}],"wp:attachment":[{"href":"https:\/\/autopecasrodovia.com.br\/site\/wp-json\/wp\/v2\/media?parent=14"}],"curies":[{"name":"wp","href":"https:\/\/api.w.org\/{rel}","templated":true}]}}